{"id":2190,"date":"2023-11-10T16:13:31","date_gmt":"2023-11-10T16:13:31","guid":{"rendered":"https:\/\/neuronthemes.com\/aoi\/?page_id=2190"},"modified":"2025-08-18T21:17:47","modified_gmt":"2025-08-18T21:17:47","slug":"contact-me","status":"publish","type":"page","link":"https:\/\/bitsystem.mx\/index.php\/contact-me\/","title":{"rendered":"Contacto"},"content":{"rendered":"\t\t<div data-elementor-type=\"wp-page\" data-elementor-id=\"2190\" class=\"elementor elementor-2190\">\n\t\t\t\t\t\t\t<div class=\"elementor-element elementor-element-04d0a68 e-con-full animated-fast e-flex elementor-invisible e-con e-parent\" data-id=\"04d0a68\" data-element_type=\"container\" data-settings=\"{&quot;content_width&quot;:&quot;full&quot;,&quot;animation&quot;:&quot;h-neuron-animation--slideUp&quot;}\" data-core-v316-plus=\"true\">\n\t\t\t\t<div class=\"elementor-element elementor-element-43f49aa elementor-widget elementor-widget-google_maps\" data-id=\"43f49aa\" data-element_type=\"widget\" data-widget_type=\"google_maps.default\">\n\t\t\t\t<div class=\"elementor-widget-container\">\n\t\t\t<style>\/*! elementor - v3.18.0 - 20-12-2023 *\/\n.elementor-widget-google_maps .elementor-widget-container{overflow:hidden}.elementor-widget-google_maps .elementor-custom-embed{line-height:0}.elementor-widget-google_maps iframe{height:300px}<\/style>\t\t<div class=\"elementor-custom-embed\">\n\t\t\t<iframe loading=\"lazy\"\n\t\t\t\t\tsrc=\"https:\/\/maps.google.com\/maps?q=17.6461411744677%2C%20-101.55580522453691&#038;t=m&#038;z=17&#038;output=embed&#038;iwloc=near\"\n\t\t\t\t\ttitle=\"17.6461411744677, -101.55580522453691\"\n\t\t\t\t\taria-label=\"17.6461411744677, -101.55580522453691\"\n\t\t\t><\/iframe>\n\t\t<\/div>\n\t\t\t\t<\/div>\n\t\t\t\t<\/div>\n\t\t\t\t<\/div>\n\t\t<div class=\"elementor-element elementor-element-b9bc281 e-flex e-con-boxed e-con e-parent\" data-id=\"b9bc281\" data-element_type=\"container\" data-settings=\"{&quot;content_width&quot;:&quot;boxed&quot;}\" data-core-v316-plus=\"true\">\n\t\t\t\t\t<div class=\"e-con-inner\">\n\t\t<div class=\"elementor-element elementor-element-880c4f6 e-con-full e-flex e-con e-child\" data-id=\"880c4f6\" data-element_type=\"container\" data-settings=\"{&quot;content_width&quot;:&quot;full&quot;}\">\n\t\t\t\t<div class=\"elementor-element elementor-element-6193ba5 elementor-widget elementor-widget-heading\" data-id=\"6193ba5\" data-element_type=\"widget\" data-widget_type=\"heading.default\">\n\t\t\t\t<div class=\"elementor-widget-container\">\n\t\t\t<style>\/*! elementor - v3.18.0 - 20-12-2023 *\/\n.elementor-heading-title{padding:0;margin:0;line-height:1}.elementor-widget-heading .elementor-heading-title[class*=elementor-size-]>a{color:inherit;font-size:inherit;line-height:inherit}.elementor-widget-heading .elementor-heading-title.elementor-size-small{font-size:15px}.elementor-widget-heading .elementor-heading-title.elementor-size-medium{font-size:19px}.elementor-widget-heading .elementor-heading-title.elementor-size-large{font-size:29px}.elementor-widget-heading .elementor-heading-title.elementor-size-xl{font-size:39px}.elementor-widget-heading .elementor-heading-title.elementor-size-xxl{font-size:59px}<\/style><h5 class=\"elementor-heading-title elementor-size-default\">Nuestra ubicaci\u00f3n<\/h5>\t\t<\/div>\n\t\t\t\t<\/div>\n\t\t\t\t<div class=\"elementor-element elementor-element-6803147 elementor-widget elementor-widget-heading\" data-id=\"6803147\" data-element_type=\"widget\" data-widget_type=\"heading.default\">\n\t\t\t\t<div class=\"elementor-widget-container\">\n\t\t\t<span class=\"elementor-heading-title elementor-size-default\">Zihuatanejo, Guerrero, M\u00e9xico<\/span>\t\t<\/div>\n\t\t\t\t<\/div>\n\t\t\t\t<div class=\"elementor-element elementor-element-0855243 elementor-mobile-align-center elementor-icon-list--layout-traditional elementor-list-item-link-full_width elementor-widget elementor-widget-icon-list\" data-id=\"0855243\" data-element_type=\"widget\" data-widget_type=\"icon-list.default\">\n\t\t\t\t<div class=\"elementor-widget-container\">\n\t\t\t<link rel=\"stylesheet\" href=\"https:\/\/bitsystem.mx\/wp-content\/uploads\/elementor\/css\/custom-widget-icon-list.min.css?ver=1770337293\">\t\t<ul class=\"elementor-icon-list-items\">\n\t\t\t\t\t\t\t<li class=\"elementor-icon-list-item\">\n\t\t\t\t\t\t\t\t\t\t<span class=\"elementor-icon-list-text\">C. Riscal. Vicente Gro., 40880 <br>Zihuatanejo Guerrero. M\u00e9xico<\/span>\n\t\t\t\t\t\t\t\t\t<\/li>\n\t\t\t\t\t\t<\/ul>\n\t\t\t\t<\/div>\n\t\t\t\t<\/div>\n\t\t\t\t<\/div>\n\t\t<div class=\"elementor-element elementor-element-c3d0a7b e-con-full e-flex e-con e-child\" data-id=\"c3d0a7b\" data-element_type=\"container\" data-settings=\"{&quot;content_width&quot;:&quot;full&quot;}\">\n\t\t\t\t<div class=\"elementor-element elementor-element-a25b8d1 elementor-widget elementor-widget-image\" data-id=\"a25b8d1\" data-element_type=\"widget\" data-widget_type=\"image.default\">\n\t\t\t\t<div class=\"elementor-widget-container\">\n\t\t\t<style>\/*! elementor - v3.18.0 - 20-12-2023 *\/\n.elementor-widget-image{text-align:center}.elementor-widget-image a{display:inline-block}.elementor-widget-image a img[src$=\".svg\"]{width:48px}.elementor-widget-image img{vertical-align:middle;display:inline-block}<\/style>\t\t\t\t\t\t\t\t\t\t\t\t<img fetchpriority=\"high\" decoding=\"async\" width=\"1024\" height=\"756\" src=\"https:\/\/bitsystem.mx\/wp-content\/uploads\/2024\/01\/blog-item-1-feature-image-1024x756.png\" class=\"attachment-large size-large wp-image-5037\" alt=\"\" srcset=\"https:\/\/bitsystem.mx\/wp-content\/uploads\/2024\/01\/blog-item-1-feature-image-1024x756.png 1024w, https:\/\/bitsystem.mx\/wp-content\/uploads\/2024\/01\/blog-item-1-feature-image-300x221.png 300w, https:\/\/bitsystem.mx\/wp-content\/uploads\/2024\/01\/blog-item-1-feature-image-768x567.png 768w, https:\/\/bitsystem.mx\/wp-content\/uploads\/2024\/01\/blog-item-1-feature-image-600x443.png 600w, https:\/\/bitsystem.mx\/wp-content\/uploads\/2024\/01\/blog-item-1-feature-image.png 1260w\" sizes=\"(max-width: 1024px) 100vw, 1024px\" \/>\t\t\t\t\t\t\t\t\t\t\t\t\t\t\t<\/div>\n\t\t\t\t<\/div>\n\t\t\t\t<\/div>\n\t\t\t\t\t<\/div>\n\t\t\t\t<\/div>\n\t\t<div class=\"elementor-element elementor-element-54067ce e-flex e-con-boxed e-con e-parent\" data-id=\"54067ce\" data-element_type=\"container\" data-settings=\"{&quot;content_width&quot;:&quot;boxed&quot;}\" data-core-v316-plus=\"true\">\n\t\t\t\t\t<div class=\"e-con-inner\">\n\t\t\t\t<div class=\"elementor-element elementor-element-d58b19c elementor-align-center elementor-widget elementor-widget-button\" data-id=\"d58b19c\" data-element_type=\"widget\" data-widget_type=\"button.default\">\n\t\t\t\t<div class=\"elementor-widget-container\">\n\t\t\t\t\t<div class=\"elementor-button-wrapper\">\n\t\t\t<a class=\"elementor-button elementor-button-link elementor-size-sm\" href=\"https:\/\/wa.link\/srmuen\">\n\t\t\t\t\t\t<span class=\"elementor-button-content-wrapper\">\n\t\t\t\t\t\t<span class=\"elementor-button-text\">Whatsapp<\/span>\n\t\t<\/span>\n\t\t\t\t\t<\/a>\n\t\t<\/div>\n\t\t\t\t<\/div>\n\t\t\t\t<\/div>\n\t\t\t\t\t<\/div>\n\t\t\t\t<\/div>\n\t\t\t\t\t\t\t<\/div>\n\t\t","protected":false},"excerpt":{"rendered":"<p>Nuestra ubicaci\u00f3n Zihuatanejo, Guerrero, M\u00e9xico C. Riscal. Vicente Gro., 40880 Zihuatanejo Guerrero. M\u00e9xico Whatsapp<\/p>\n","protected":false},"author":1,"featured_media":0,"parent":0,"menu_order":0,"comment_status":"closed","ping_status":"closed","template":"","meta":{"footnotes":""},"_links":{"self":[{"href":"https:\/\/bitsystem.mx\/index.php\/wp-json\/wp\/v2\/pages\/2190"}],"collection":[{"href":"https:\/\/bitsystem.mx\/index.php\/wp-json\/wp\/v2\/pages"}],"about":[{"href":"https:\/\/bitsystem.mx\/index.php\/wp-json\/wp\/v2\/types\/page"}],"author":[{"embeddable":true,"href":"https:\/\/bitsystem.mx\/index.php\/wp-json\/wp\/v2\/users\/1"}],"replies":[{"embeddable":true,"href":"https:\/\/bitsystem.mx\/index.php\/wp-json\/wp\/v2\/comments?post=2190"}],"version-history":[{"count":37,"href":"https:\/\/bitsystem.mx\/index.php\/wp-json\/wp\/v2\/pages\/2190\/revisions"}],"predecessor-version":[{"id":5951,"href":"https:\/\/bitsystem.mx\/index.php\/wp-json\/wp\/v2\/pages\/2190\/revisions\/5951"}],"wp:attachment":[{"href":"https:\/\/bitsystem.mx\/index.php\/wp-json\/wp\/v2\/media?parent=2190"}],"curies":[{"name":"wp","href":"https:\/\/api.w.org\/{rel}","templated":true}]}}