{"id":632,"date":"2023-10-27T13:34:09","date_gmt":"2023-10-27T13:34:09","guid":{"rendered":"https:\/\/neuronthemes.com\/aoi\/?page_id=632"},"modified":"2025-08-18T21:17:16","modified_gmt":"2025-08-18T21:17:16","slug":"portfolio-metro","status":"publish","type":"page","link":"https:\/\/bitsystem.mx\/index.php\/portfolio-metro\/","title":{"rendered":"Portafolio de proyectos"},"content":{"rendered":"\t\t<div data-elementor-type=\"wp-page\" data-elementor-id=\"632\" class=\"elementor elementor-632\">\n\t\t\t\t\t\t\t<div class=\"elementor-element elementor-element-315179f animated-fast e-flex e-con-boxed elementor-invisible e-con e-parent\" data-id=\"315179f\" data-element_type=\"container\" data-settings=\"{&quot;animation&quot;:&quot;h-neuron-animation--slideUp&quot;,&quot;background_background&quot;:&quot;classic&quot;,&quot;content_width&quot;:&quot;boxed&quot;}\" data-core-v316-plus=\"true\">\n\t\t\t\t\t<div class=\"e-con-inner\">\n\t\t\t\t<div class=\"elementor-element elementor-element-9be1f07 m-neuron-posts--layout-metro m-neuron-portfolio__overlay--gradient m-neuron-portfolio--hover-translate l-neuron-grid-wrapper--offset-no elementor-invisible elementor-widget elementor-widget-neuron-portfolio\" data-id=\"9be1f07\" data-element_type=\"widget\" data-settings=\"{&quot;layout&quot;:&quot;metro&quot;,&quot;row_gap&quot;:{&quot;unit&quot;:&quot;px&quot;,&quot;size&quot;:0,&quot;sizes&quot;:[]},&quot;carousel&quot;:&quot;no&quot;,&quot;pagination&quot;:&quot;none&quot;,&quot;row_gap_tablet&quot;:{&quot;unit&quot;:&quot;px&quot;,&quot;size&quot;:&quot;&quot;,&quot;sizes&quot;:[]},&quot;row_gap_mobile&quot;:{&quot;unit&quot;:&quot;px&quot;,&quot;size&quot;:&quot;&quot;,&quot;sizes&quot;:[]},&quot;animation&quot;:&quot;yes&quot;,&quot;neuron_animations&quot;:&quot;h-neuron-animation--slideUp&quot;,&quot;neuron_animations_duration&quot;:&quot;animated&quot;,&quot;animation_delay&quot;:0,&quot;hover_animation&quot;:&quot;translate&quot;}\" data-widget_type=\"neuron-portfolio.default\">\n\t\t\t\t<div class=\"elementor-widget-container\">\n\t\t\t\t\t\r\n\t\t\t\t<div class=\"l-neuron-grid\" data-masonry-id=\"ec9c819046c67e81c6faab9a4ae9bcad\">\r\n\t\t\t\t\t\t\t\t\t\t\t\t<article class=\"l-neuron-grid__item h-neuron-animation--wow m-neuron-portfolio m-neuron-post elementor-repeater-item-ddc1ef8 post-5312 portfolio type-portfolio status-publish has-post-thumbnail hentry portfolio_category-camaras portfolio_category-redes\" data-id=\"5312\">\r\n\t\t\t\t\t\t\t\t<div class=\"m-neuron-post__thumbnail--link m-neuron-portfolio__thumbnail--link\" style=\"padding-bottom: 147%;\">\r\n\t\t\t\t\t\t\t\t\t<a class=\"m-neuron-portfolio__link\" href=\"https:\/\/bitsystem.mx\/index.php\/portfolio\/pp-camaras\/\"><\/a>\r\n\t\t\t\t\t\t\t\t\t<div class=\"m-neuron-post__thumbnail m-neuron-portfolio__thumbnail\"><img fetchpriority=\"high\" decoding=\"async\" width=\"1742\" height=\"2560\" src=\"https:\/\/bitsystem.mx\/wp-content\/uploads\/2024\/04\/IMG_20230218_091936-scaled.jpg\" class=\"attachment-full size-full wp-post-image\" alt=\"\" srcset=\"https:\/\/bitsystem.mx\/wp-content\/uploads\/2024\/04\/IMG_20230218_091936-scaled.jpg 1742w, https:\/\/bitsystem.mx\/wp-content\/uploads\/2024\/04\/IMG_20230218_091936-204x300.jpg 204w, https:\/\/bitsystem.mx\/wp-content\/uploads\/2024\/04\/IMG_20230218_091936-697x1024.jpg 697w, https:\/\/bitsystem.mx\/wp-content\/uploads\/2024\/04\/IMG_20230218_091936-768x1129.jpg 768w, https:\/\/bitsystem.mx\/wp-content\/uploads\/2024\/04\/IMG_20230218_091936-1045x1536.jpg 1045w, https:\/\/bitsystem.mx\/wp-content\/uploads\/2024\/04\/IMG_20230218_091936-1394x2048.jpg 1394w, https:\/\/bitsystem.mx\/wp-content\/uploads\/2024\/04\/IMG_20230218_091936-600x882.jpg 600w\" sizes=\"(max-width: 1742px) 100vw, 1742px\" \/><\/div>\t\t\t\t\t\t\t\t\t<div class=\"m-neuron-portfolio__overlay\">\r\n\t\t\t\t\t\t\t\t\t\t<span class=\"m-neuron-portfolio__category\">C\u00e1maras de videovigilancia<\/span><h6 class=\"m-neuron-portfolio__title\">Antena punto a punto &#8211; C\u00e1maras<\/h6>\t\t\t\t\t\t\t\t\t<\/div>\r\n\t\t\t\t\t\t\t\t<\/div>\r\n\t\t\t\t\t\t\t\t\t\t\t\t\t\t\t<\/article>\r\n\t\t\t\t\t\t\t\t\t\t\t\t\t\t<article class=\"l-neuron-grid__item h-neuron-animation--wow m-neuron-portfolio m-neuron-post elementor-repeater-item-748221c post-5301 portfolio type-portfolio status-publish has-post-thumbnail hentry portfolio_category-redes\" data-id=\"5301\">\r\n\t\t\t\t\t\t\t\t<div class=\"m-neuron-post__thumbnail--link m-neuron-portfolio__thumbnail--link\" style=\"padding-bottom: 147%;\">\r\n\t\t\t\t\t\t\t\t\t<a class=\"m-neuron-portfolio__link\" href=\"https:\/\/bitsystem.mx\/index.php\/portfolio\/red-mesh-ixtapa\/\"><\/a>\r\n\t\t\t\t\t\t\t\t\t<div class=\"m-neuron-post__thumbnail m-neuron-portfolio__thumbnail\"><img decoding=\"async\" width=\"1454\" height=\"2138\" src=\"https:\/\/bitsystem.mx\/wp-content\/uploads\/2024\/04\/Red-Omada-Ixtapa-05.jpg\" class=\"attachment-full size-full wp-post-image\" alt=\"\" srcset=\"https:\/\/bitsystem.mx\/wp-content\/uploads\/2024\/04\/Red-Omada-Ixtapa-05.jpg 1454w, https:\/\/bitsystem.mx\/wp-content\/uploads\/2024\/04\/Red-Omada-Ixtapa-05-204x300.jpg 204w, https:\/\/bitsystem.mx\/wp-content\/uploads\/2024\/04\/Red-Omada-Ixtapa-05-696x1024.jpg 696w, https:\/\/bitsystem.mx\/wp-content\/uploads\/2024\/04\/Red-Omada-Ixtapa-05-768x1129.jpg 768w, https:\/\/bitsystem.mx\/wp-content\/uploads\/2024\/04\/Red-Omada-Ixtapa-05-1045x1536.jpg 1045w, https:\/\/bitsystem.mx\/wp-content\/uploads\/2024\/04\/Red-Omada-Ixtapa-05-1393x2048.jpg 1393w, https:\/\/bitsystem.mx\/wp-content\/uploads\/2024\/04\/Red-Omada-Ixtapa-05-600x882.jpg 600w\" sizes=\"(max-width: 1454px) 100vw, 1454px\" \/><\/div>\t\t\t\t\t\t\t\t\t<div class=\"m-neuron-portfolio__overlay\">\r\n\t\t\t\t\t\t\t\t\t\t<span class=\"m-neuron-portfolio__category\">Redes<\/span><h6 class=\"m-neuron-portfolio__title\">Red MESH<\/h6>\t\t\t\t\t\t\t\t\t<\/div>\r\n\t\t\t\t\t\t\t\t<\/div>\r\n\t\t\t\t\t\t\t\t\t\t\t\t\t\t\t<\/article>\r\n\t\t\t\t\t\t\t\t\t\t\t\t\t\t<article class=\"l-neuron-grid__item h-neuron-animation--wow m-neuron-portfolio m-neuron-post elementor-repeater-item-d6bc976 post-5295 portfolio type-portfolio status-publish has-post-thumbnail hentry portfolio_category-domotica\" data-id=\"5295\">\r\n\t\t\t\t\t\t\t\t<div class=\"m-neuron-post__thumbnail--link m-neuron-portfolio__thumbnail--link\" style=\"padding-bottom: 56%;\">\r\n\t\t\t\t\t\t\t\t\t<a class=\"m-neuron-portfolio__link\" href=\"https:\/\/bitsystem.mx\/index.php\/portfolio\/automatizacion-cortinas\/\"><\/a>\r\n\t\t\t\t\t\t\t\t\t<div class=\"m-neuron-post__thumbnail m-neuron-portfolio__thumbnail\"><img decoding=\"async\" width=\"1920\" height=\"1080\" src=\"https:\/\/bitsystem.mx\/wp-content\/uploads\/2024\/04\/vlcsnap-2023-01-26-13h22m23s594.jpg\" class=\"attachment-full size-full wp-post-image\" alt=\"\" srcset=\"https:\/\/bitsystem.mx\/wp-content\/uploads\/2024\/04\/vlcsnap-2023-01-26-13h22m23s594.jpg 1920w, https:\/\/bitsystem.mx\/wp-content\/uploads\/2024\/04\/vlcsnap-2023-01-26-13h22m23s594-300x169.jpg 300w, https:\/\/bitsystem.mx\/wp-content\/uploads\/2024\/04\/vlcsnap-2023-01-26-13h22m23s594-1024x576.jpg 1024w, https:\/\/bitsystem.mx\/wp-content\/uploads\/2024\/04\/vlcsnap-2023-01-26-13h22m23s594-768x432.jpg 768w, https:\/\/bitsystem.mx\/wp-content\/uploads\/2024\/04\/vlcsnap-2023-01-26-13h22m23s594-1536x864.jpg 1536w, https:\/\/bitsystem.mx\/wp-content\/uploads\/2024\/04\/vlcsnap-2023-01-26-13h22m23s594-600x338.jpg 600w\" sizes=\"(max-width: 1920px) 100vw, 1920px\" \/><\/div>\t\t\t\t\t\t\t\t\t<div class=\"m-neuron-portfolio__overlay\">\r\n\t\t\t\t\t\t\t\t\t\t<span class=\"m-neuron-portfolio__category\">Dom\u00f3tica<\/span><h6 class=\"m-neuron-portfolio__title\">Automatizaci\u00f3n de cortinas<\/h6>\t\t\t\t\t\t\t\t\t<\/div>\r\n\t\t\t\t\t\t\t\t<\/div>\r\n\t\t\t\t\t\t\t\t\t\t\t\t\t\t\t<\/article>\r\n\t\t\t\t\t\t\t\t\t\t\t\t\t\t<article class=\"l-neuron-grid__item h-neuron-animation--wow m-neuron-portfolio m-neuron-post elementor-repeater-item-5023b46 post-5283 portfolio type-portfolio status-publish has-post-thumbnail hentry portfolio_category-reparacion\" data-id=\"5283\">\r\n\t\t\t\t\t\t\t\t<div class=\"m-neuron-post__thumbnail--link m-neuron-portfolio__thumbnail--link\" style=\"padding-bottom: 56%;\">\r\n\t\t\t\t\t\t\t\t\t<a class=\"m-neuron-portfolio__link\" href=\"https:\/\/bitsystem.mx\/index.php\/portfolio\/iphone-bateria-display\/\"><\/a>\r\n\t\t\t\t\t\t\t\t\t<div class=\"m-neuron-post__thumbnail m-neuron-portfolio__thumbnail\"><img loading=\"lazy\" decoding=\"async\" width=\"1920\" height=\"1080\" src=\"https:\/\/bitsystem.mx\/wp-content\/uploads\/2024\/04\/vlcsnap-2024-04-04-17h18m56s280.png\" class=\"attachment-full size-full wp-post-image\" alt=\"\" srcset=\"https:\/\/bitsystem.mx\/wp-content\/uploads\/2024\/04\/vlcsnap-2024-04-04-17h18m56s280.png 1920w, https:\/\/bitsystem.mx\/wp-content\/uploads\/2024\/04\/vlcsnap-2024-04-04-17h18m56s280-300x169.png 300w, https:\/\/bitsystem.mx\/wp-content\/uploads\/2024\/04\/vlcsnap-2024-04-04-17h18m56s280-1024x576.png 1024w, https:\/\/bitsystem.mx\/wp-content\/uploads\/2024\/04\/vlcsnap-2024-04-04-17h18m56s280-768x432.png 768w, https:\/\/bitsystem.mx\/wp-content\/uploads\/2024\/04\/vlcsnap-2024-04-04-17h18m56s280-1536x864.png 1536w, https:\/\/bitsystem.mx\/wp-content\/uploads\/2024\/04\/vlcsnap-2024-04-04-17h18m56s280-600x338.png 600w\" sizes=\"(max-width: 1920px) 100vw, 1920px\" \/><\/div>\t\t\t\t\t\t\t\t\t<div class=\"m-neuron-portfolio__overlay\">\r\n\t\t\t\t\t\t\t\t\t\t<span class=\"m-neuron-portfolio__category\">Reparaci\u00f3n<\/span><h6 class=\"m-neuron-portfolio__title\">Cambio de bater\u00eda y display iPhone<\/h6>\t\t\t\t\t\t\t\t\t<\/div>\r\n\t\t\t\t\t\t\t\t<\/div>\r\n\t\t\t\t\t\t\t\t\t\t\t\t\t\t\t<\/article>\r\n\t\t\t\t\t\t\t\t\t\t\t\t\t\t<article class=\"l-neuron-grid__item h-neuron-animation--wow m-neuron-portfolio m-neuron-post elementor-repeater-item-aa7bff4 post-5258 portfolio type-portfolio status-publish has-post-thumbnail hentry portfolio_category-adio\" data-id=\"5258\">\r\n\t\t\t\t\t\t\t\t<div class=\"m-neuron-post__thumbnail--link m-neuron-portfolio__thumbnail--link\" style=\"padding-bottom: 133%;\">\r\n\t\t\t\t\t\t\t\t\t<a class=\"m-neuron-portfolio__link\" href=\"https:\/\/bitsystem.mx\/index.php\/portfolio\/audio-hotel-restaurant\/\"><\/a>\r\n\t\t\t\t\t\t\t\t\t<div class=\"m-neuron-post__thumbnail m-neuron-portfolio__thumbnail\"><img loading=\"lazy\" decoding=\"async\" width=\"1920\" height=\"2560\" src=\"https:\/\/bitsystem.mx\/wp-content\/uploads\/2024\/04\/Portada-scaled.jpg\" class=\"attachment-full size-full wp-post-image\" alt=\"\" srcset=\"https:\/\/bitsystem.mx\/wp-content\/uploads\/2024\/04\/Portada-scaled.jpg 1920w, https:\/\/bitsystem.mx\/wp-content\/uploads\/2024\/04\/Portada-225x300.jpg 225w, https:\/\/bitsystem.mx\/wp-content\/uploads\/2024\/04\/Portada-768x1024.jpg 768w, https:\/\/bitsystem.mx\/wp-content\/uploads\/2024\/04\/Portada-1152x1536.jpg 1152w, https:\/\/bitsystem.mx\/wp-content\/uploads\/2024\/04\/Portada-1536x2048.jpg 1536w, https:\/\/bitsystem.mx\/wp-content\/uploads\/2024\/04\/Portada-600x800.jpg 600w\" sizes=\"(max-width: 1920px) 100vw, 1920px\" \/><\/div>\t\t\t\t\t\t\t\t\t<div class=\"m-neuron-portfolio__overlay\">\r\n\t\t\t\t\t\t\t\t\t\t<span class=\"m-neuron-portfolio__category\">Audio<\/span><h6 class=\"m-neuron-portfolio__title\">Sistema de Audio Hotel-Restaurant<\/h6>\t\t\t\t\t\t\t\t\t<\/div>\r\n\t\t\t\t\t\t\t\t<\/div>\r\n\t\t\t\t\t\t\t\t\t\t\t\t\t\t\t<\/article>\r\n\t\t\t\t\t\t\t\t\t\t\t\t\t\t<article class=\"l-neuron-grid__item h-neuron-animation--wow m-neuron-portfolio m-neuron-post elementor-repeater-item-8fd1399 post-5248 portfolio type-portfolio status-publish has-post-thumbnail hentry portfolio_category-domotica\" data-id=\"5248\">\r\n\t\t\t\t\t\t\t\t<div class=\"m-neuron-post__thumbnail--link m-neuron-portfolio__thumbnail--link\" style=\"padding-bottom: 133%;\">\r\n\t\t\t\t\t\t\t\t\t<a class=\"m-neuron-portfolio__link\" href=\"https:\/\/bitsystem.mx\/index.php\/portfolio\/cerradura-electomagnetica\/\"><\/a>\r\n\t\t\t\t\t\t\t\t\t<div class=\"m-neuron-post__thumbnail m-neuron-portfolio__thumbnail\"><img loading=\"lazy\" decoding=\"async\" width=\"1920\" height=\"2560\" src=\"https:\/\/bitsystem.mx\/wp-content\/uploads\/2024\/04\/Chapa-electromagnetica-terminda-scaled.jpg\" class=\"attachment-full size-full wp-post-image\" alt=\"\" srcset=\"https:\/\/bitsystem.mx\/wp-content\/uploads\/2024\/04\/Chapa-electromagnetica-terminda-scaled.jpg 1920w, https:\/\/bitsystem.mx\/wp-content\/uploads\/2024\/04\/Chapa-electromagnetica-terminda-225x300.jpg 225w, https:\/\/bitsystem.mx\/wp-content\/uploads\/2024\/04\/Chapa-electromagnetica-terminda-768x1024.jpg 768w, https:\/\/bitsystem.mx\/wp-content\/uploads\/2024\/04\/Chapa-electromagnetica-terminda-1152x1536.jpg 1152w, https:\/\/bitsystem.mx\/wp-content\/uploads\/2024\/04\/Chapa-electromagnetica-terminda-1536x2048.jpg 1536w, https:\/\/bitsystem.mx\/wp-content\/uploads\/2024\/04\/Chapa-electromagnetica-terminda-600x800.jpg 600w\" sizes=\"(max-width: 1920px) 100vw, 1920px\" \/><\/div>\t\t\t\t\t\t\t\t\t<div class=\"m-neuron-portfolio__overlay\">\r\n\t\t\t\t\t\t\t\t\t\t<span class=\"m-neuron-portfolio__category\">Dom\u00f3tica<\/span><h6 class=\"m-neuron-portfolio__title\">Cerradura Electromagn\u00e9tica<\/h6>\t\t\t\t\t\t\t\t\t<\/div>\r\n\t\t\t\t\t\t\t\t<\/div>\r\n\t\t\t\t\t\t\t\t\t\t\t\t\t\t\t<\/article>\r\n\t\t\t\t\t\t\t\t\t\t\t\t\t\t<article class=\"l-neuron-grid__item h-neuron-animation--wow m-neuron-portfolio m-neuron-post elementor-repeater-item-23a3d2c post-5215 portfolio type-portfolio status-publish has-post-thumbnail hentry portfolio_category-mantenimiento portfolio_category-reparacion\" data-id=\"5215\">\r\n\t\t\t\t\t\t\t\t<div class=\"m-neuron-post__thumbnail--link m-neuron-portfolio__thumbnail--link\" style=\"padding-bottom: 75%;\">\r\n\t\t\t\t\t\t\t\t\t<a class=\"m-neuron-portfolio__link\" href=\"https:\/\/bitsystem.mx\/index.php\/portfolio\/mantenimiento-imac\/\"><\/a>\r\n\t\t\t\t\t\t\t\t\t<div class=\"m-neuron-post__thumbnail m-neuron-portfolio__thumbnail\"><img loading=\"lazy\" decoding=\"async\" width=\"2560\" height=\"1920\" src=\"https:\/\/bitsystem.mx\/wp-content\/uploads\/2024\/04\/iMac-01-scaled.jpg\" class=\"attachment-full size-full wp-post-image\" alt=\"\" srcset=\"https:\/\/bitsystem.mx\/wp-content\/uploads\/2024\/04\/iMac-01-scaled.jpg 2560w, https:\/\/bitsystem.mx\/wp-content\/uploads\/2024\/04\/iMac-01-300x225.jpg 300w, https:\/\/bitsystem.mx\/wp-content\/uploads\/2024\/04\/iMac-01-1024x768.jpg 1024w, https:\/\/bitsystem.mx\/wp-content\/uploads\/2024\/04\/iMac-01-768x576.jpg 768w, https:\/\/bitsystem.mx\/wp-content\/uploads\/2024\/04\/iMac-01-1536x1152.jpg 1536w, https:\/\/bitsystem.mx\/wp-content\/uploads\/2024\/04\/iMac-01-2048x1536.jpg 2048w, https:\/\/bitsystem.mx\/wp-content\/uploads\/2024\/04\/iMac-01-600x450.jpg 600w\" sizes=\"(max-width: 2560px) 100vw, 2560px\" \/><\/div>\t\t\t\t\t\t\t\t\t<div class=\"m-neuron-portfolio__overlay\">\r\n\t\t\t\t\t\t\t\t\t\t<span class=\"m-neuron-portfolio__category\">Mantenimiento<\/span><h6 class=\"m-neuron-portfolio__title\">Mantenimiento de iMac<\/h6>\t\t\t\t\t\t\t\t\t<\/div>\r\n\t\t\t\t\t\t\t\t<\/div>\r\n\t\t\t\t\t\t\t\t\t\t\t\t\t\t\t<\/article>\r\n\t\t\t\t\t\t\t\t\t\t\t\t\t\t<article class=\"l-neuron-grid__item h-neuron-animation--wow m-neuron-portfolio m-neuron-post elementor-repeater-item-59997c4 post-76 portfolio type-portfolio status-publish has-post-thumbnail hentry portfolio_category-camaras\" data-id=\"76\">\r\n\t\t\t\t\t\t\t\t<div class=\"m-neuron-post__thumbnail--link m-neuron-portfolio__thumbnail--link\" style=\"padding-bottom: 56%;\">\r\n\t\t\t\t\t\t\t\t\t<a class=\"m-neuron-portfolio__link\" href=\"https:\/\/bitsystem.mx\/index.php\/portfolio\/camaras-galeria-arte\/\"><\/a>\r\n\t\t\t\t\t\t\t\t\t<div class=\"m-neuron-post__thumbnail m-neuron-portfolio__thumbnail\"><img loading=\"lazy\" decoding=\"async\" width=\"2560\" height=\"1440\" src=\"https:\/\/bitsystem.mx\/wp-content\/uploads\/2023\/10\/vlcsnap-2023-01-26-12h44m50s559-scaled.jpg\" class=\"attachment-full size-full wp-post-image\" alt=\"\" srcset=\"https:\/\/bitsystem.mx\/wp-content\/uploads\/2023\/10\/vlcsnap-2023-01-26-12h44m50s559-scaled.jpg 2560w, https:\/\/bitsystem.mx\/wp-content\/uploads\/2023\/10\/vlcsnap-2023-01-26-12h44m50s559-300x169.jpg 300w, https:\/\/bitsystem.mx\/wp-content\/uploads\/2023\/10\/vlcsnap-2023-01-26-12h44m50s559-1024x576.jpg 1024w, https:\/\/bitsystem.mx\/wp-content\/uploads\/2023\/10\/vlcsnap-2023-01-26-12h44m50s559-768x432.jpg 768w, https:\/\/bitsystem.mx\/wp-content\/uploads\/2023\/10\/vlcsnap-2023-01-26-12h44m50s559-1536x864.jpg 1536w, https:\/\/bitsystem.mx\/wp-content\/uploads\/2023\/10\/vlcsnap-2023-01-26-12h44m50s559-2048x1152.jpg 2048w, https:\/\/bitsystem.mx\/wp-content\/uploads\/2023\/10\/vlcsnap-2023-01-26-12h44m50s559-600x338.jpg 600w\" sizes=\"(max-width: 2560px) 100vw, 2560px\" \/><\/div>\t\t\t\t\t\t\t\t\t<div class=\"m-neuron-portfolio__overlay\">\r\n\t\t\t\t\t\t\t\t\t\t<span class=\"m-neuron-portfolio__category\">C\u00e1maras de videovigilancia<\/span><h6 class=\"m-neuron-portfolio__title\">C\u00e1maras en Galer\u00eda de Arte<\/h6>\t\t\t\t\t\t\t\t\t<\/div>\r\n\t\t\t\t\t\t\t\t<\/div>\r\n\t\t\t\t\t\t\t\t\t\t\t\t\t\t\t<\/article>\r\n\t\t\t\t\t\t\t\t\t\t\t<\/div>\r\n\r\n\t\t\t\r\n\t\t\t\t<\/div>\n\t\t\t\t<\/div>\n\t\t\t\t\t<\/div>\n\t\t\t\t<\/div>\n\t\t\t\t\t\t\t<\/div>\n\t\t","protected":false},"excerpt":{"rendered":"<p>C\u00e1maras de videovigilancia Antena punto a punto &#8211; C\u00e1maras Redes Red MESH Dom\u00f3tica Automatizaci\u00f3n de cortinas Reparaci\u00f3n Cambio de bater\u00eda y display iPhone Audio Sistema de Audio Hotel-Restaurant Dom\u00f3tica Cerradura Electromagn\u00e9tica Mantenimiento Mantenimiento de iMac C\u00e1maras de videovigilancia C\u00e1maras en Galer\u00eda de Arte Audio Pixel Precision Image Gallery Audio Tech Insight Visual Showcase<\/p>\n","protected":false},"author":1,"featured_media":0,"parent":0,"menu_order":0,"comment_status":"closed","ping_status":"closed","template":"","meta":{"footnotes":""},"_links":{"self":[{"href":"https:\/\/bitsystem.mx\/index.php\/wp-json\/wp\/v2\/pages\/632"}],"collection":[{"href":"https:\/\/bitsystem.mx\/index.php\/wp-json\/wp\/v2\/pages"}],"about":[{"href":"https:\/\/bitsystem.mx\/index.php\/wp-json\/wp\/v2\/types\/page"}],"author":[{"embeddable":true,"href":"https:\/\/bitsystem.mx\/index.php\/wp-json\/wp\/v2\/users\/1"}],"replies":[{"embeddable":true,"href":"https:\/\/bitsystem.mx\/index.php\/wp-json\/wp\/v2\/comments?post=632"}],"version-history":[{"count":38,"href":"https:\/\/bitsystem.mx\/index.php\/wp-json\/wp\/v2\/pages\/632\/revisions"}],"predecessor-version":[{"id":5950,"href":"https:\/\/bitsystem.mx\/index.php\/wp-json\/wp\/v2\/pages\/632\/revisions\/5950"}],"wp:attachment":[{"href":"https:\/\/bitsystem.mx\/index.php\/wp-json\/wp\/v2\/media?parent=632"}],"curies":[{"name":"wp","href":"https:\/\/api.w.org\/{rel}","templated":true}]}}