{"id":6032,"date":"2025-10-29T20:52:37","date_gmt":"2025-10-29T20:52:37","guid":{"rendered":"https:\/\/bitsystem.mx\/?post_type=product&#038;p=6032"},"modified":"2025-10-29T21:44:21","modified_gmt":"2025-10-29T21:44:21","slug":"caja-derivacion-conexion-de-plastico-100-x-100-x-54-mm","status":"publish","type":"product","link":"https:\/\/bitsystem.mx\/index.php\/product\/caja-derivacion-conexion-de-plastico-100-x-100-x-54-mm\/","title":{"rendered":"Caja Derivaci\u00f3n-Conexi\u00f3n de Pl\u00e1stico (100 X 100 X 54 mm)"},"content":{"rendered":"","protected":false},"excerpt":{"rendered":"<p>Lorem ipsum dolor sit amet, consectetur adipiscing elit, sed do eiusmod tempor incididunt ut labore et dolore magna aliqua.<\/p>\n","protected":false},"featured_media":6031,"comment_status":"open","ping_status":"closed","template":"","meta":[],"product_cat":[52],"product_tag":[29],"_links":{"self":[{"href":"https:\/\/bitsystem.mx\/index.php\/wp-json\/wp\/v2\/product\/6032"}],"collection":[{"href":"https:\/\/bitsystem.mx\/index.php\/wp-json\/wp\/v2\/product"}],"about":[{"href":"https:\/\/bitsystem.mx\/index.php\/wp-json\/wp\/v2\/types\/product"}],"replies":[{"embeddable":true,"href":"https:\/\/bitsystem.mx\/index.php\/wp-json\/wp\/v2\/comments?post=6032"}],"version-history":[{"count":1,"href":"https:\/\/bitsystem.mx\/index.php\/wp-json\/wp\/v2\/product\/6032\/revisions"}],"predecessor-version":[{"id":6033,"href":"https:\/\/bitsystem.mx\/index.php\/wp-json\/wp\/v2\/product\/6032\/revisions\/6033"}],"wp:featuredmedia":[{"embeddable":true,"href":"https:\/\/bitsystem.mx\/index.php\/wp-json\/wp\/v2\/media\/6031"}],"wp:attachment":[{"href":"https:\/\/bitsystem.mx\/index.php\/wp-json\/wp\/v2\/media?parent=6032"}],"wp:term":[{"taxonomy":"product_cat","embeddable":true,"href":"https:\/\/bitsystem.mx\/index.php\/wp-json\/wp\/v2\/product_cat?post=6032"},{"taxonomy":"product_tag","embeddable":true,"href":"https:\/\/bitsystem.mx\/index.php\/wp-json\/wp\/v2\/product_tag?post=6032"}],"curies":[{"name":"wp","href":"https:\/\/api.w.org\/{rel}","templated":true}]}}